{"id":9733,"date":"2019-02-26T14:24:42","date_gmt":"2019-02-26T13:24:42","guid":{"rendered":"https:\/\/www.rixdata.se\/?page_id=9733"},"modified":"2019-03-11T19:59:37","modified_gmt":"2019-03-11T18:59:37","slug":"koti","status":"publish","type":"page","link":"https:\/\/www.rixdata.se\/fi\/","title":{"rendered":"Koti"},"content":{"rendered":"<h1>Potilastietoj\u00e4rjestelm\u00e4 sinulle<\/h1>\n<p>&nbsp;<\/p>\n<p><img decoding=\"async\" loading=\"lazy\" class=\"alignleft wp-image-6410\" src=\"https:\/\/www.rixdata.se\/wp-content\/uploads\/2018\/03\/WinEazyBox_skugga-361x400.jpg\" alt=\"\" width=\"320\" height=\"355\" \/><\/p>\n<p><strong><span style=\"font-size: 14pt;\">WinEazy Guld<\/span><\/strong><\/p>\n<ul>\n<li>S\u00e4\u00e4st\u00e4\u00e4 aikaa ja rahaa<\/li>\n<li>Yksinkertainen ja k\u00e4ytt\u00e4j\u00e4yst\u00e4v\u00e4llinen<\/li>\n<li>Helpottaa hallintoasi<\/li>\n<li>Varmistaa yrityksesi<\/li>\n<li>Sovelletaan Sinulle<\/li>\n<li>Ilmainen aloitusapu<\/li>\n<li>Hyv\u00e4ksytty tiedostojen siirto kaikkiin Ruotsin l\u00e4\u00e4ninhallintoihin<\/li>\n<\/ul>\n<p>&nbsp;<\/p>\n","protected":false},"excerpt":{"rendered":"<p>Potilastietoj\u00e4rjestelm\u00e4 sinulle &nbsp; WinEazy Guld S\u00e4\u00e4st\u00e4\u00e4 aikaa ja rahaa Yksinkertainen ja k\u00e4ytt\u00e4j\u00e4yst\u00e4v\u00e4llinen Helpottaa hallintoasi Varmistaa yrityksesi Sovelletaan Sinulle Ilmainen aloitusapu Hyv\u00e4ksytty tiedostojen siirto kaikkiin Ruotsin l\u00e4\u00e4ninhallintoihin &nbsp;<\/p>\n","protected":false},"author":3,"featured_media":0,"parent":0,"menu_order":0,"comment_status":"closed","ping_status":"open","template":"","meta":{"_monsterinsights_skip_tracking":false,"_monsterinsights_sitenote_active":false,"_monsterinsights_sitenote_note":"","_monsterinsights_sitenote_category":0,"footnotes":""},"yoast_head":"<!-- This site is optimized with the Yoast SEO plugin v21.5 - https:\/\/yoast.com\/wordpress\/plugins\/seo\/ -->\n<title>Koti - Journalprogram f\u00f6r dig | RixData journalsystem f\u00f6r v\u00e5rdgivare<\/title>\n<meta name=\"description\" content=\"RixData utvecklar och anpassar journalprogram, journalsystem, dataprogram f\u00f6r dig som arbetar med helande, v\u00e5rd- och v\u00e5rdadministration.\" \/>\n<meta name=\"robots\" content=\"index, follow, max-snippet:-1, max-image-preview:large, max-video-preview:-1\" \/>\n<link rel=\"canonical\" href=\"https:\/\/www.rixdata.se\/fi\/\" \/>\n<meta property=\"og:locale\" content=\"fi_FI\" \/>\n<meta property=\"og:type\" content=\"article\" \/>\n<meta property=\"og:title\" content=\"Koti - Journalprogram f\u00f6r dig | RixData journalsystem f\u00f6r v\u00e5rdgivare\" \/>\n<meta property=\"og:description\" content=\"RixData utvecklar och anpassar journalprogram, journalsystem, dataprogram f\u00f6r dig som arbetar med helande, v\u00e5rd- och v\u00e5rdadministration.\" \/>\n<meta property=\"og:url\" content=\"https:\/\/www.rixdata.se\/fi\/\" \/>\n<meta property=\"og:site_name\" content=\"Journalprogram f\u00f6r dig | RixData journalsystem f\u00f6r v\u00e5rdgivare\" \/>\n<meta property=\"article:publisher\" content=\"https:\/\/www.facebook.com\/RixData\" \/>\n<meta property=\"article:modified_time\" content=\"2019-03-11T18:59:37+00:00\" \/>\n<meta property=\"og:image\" content=\"https:\/\/www.rixdata.se\/wp-content\/uploads\/2018\/03\/WinEazyBox_skugga-361x400.jpg\" \/>\n<script type=\"application\/ld+json\" class=\"yoast-schema-graph\">{\"@context\":\"https:\/\/schema.org\",\"@graph\":[{\"@type\":\"WebPage\",\"@id\":\"https:\/\/www.rixdata.se\/fi\/\",\"url\":\"https:\/\/www.rixdata.se\/fi\/\",\"name\":\"Koti - Journalprogram f\u00f6r dig | RixData journalsystem f\u00f6r v\u00e5rdgivare\",\"isPartOf\":{\"@id\":\"https:\/\/www.rixdata.se\/#website\"},\"datePublished\":\"2019-02-26T13:24:42+00:00\",\"dateModified\":\"2019-03-11T18:59:37+00:00\",\"description\":\"RixData utvecklar och anpassar journalprogram, journalsystem, dataprogram f\u00f6r dig som arbetar med helande, v\u00e5rd- och v\u00e5rdadministration.\",\"breadcrumb\":{\"@id\":\"https:\/\/www.rixdata.se\/fi\/#breadcrumb\"},\"inLanguage\":\"fi\",\"potentialAction\":[{\"@type\":\"ReadAction\",\"target\":[\"https:\/\/www.rixdata.se\/fi\/\"]}]},{\"@type\":\"BreadcrumbList\",\"@id\":\"https:\/\/www.rixdata.se\/fi\/#breadcrumb\",\"itemListElement\":[{\"@type\":\"ListItem\",\"position\":1,\"name\":\"Home\",\"item\":\"https:\/\/www.rixdata.se\/fi\/\"},{\"@type\":\"ListItem\",\"position\":2,\"name\":\"Koti\"}]},{\"@type\":\"WebSite\",\"@id\":\"https:\/\/www.rixdata.se\/#website\",\"url\":\"https:\/\/www.rixdata.se\/\",\"name\":\"Journalprogram f\u00f6r dig | RixData journalsystem f\u00f6r v\u00e5rdgivare\",\"description\":\"Journalprogram f\u00f6r dig\",\"publisher\":{\"@id\":\"https:\/\/www.rixdata.se\/#organization\"},\"potentialAction\":[{\"@type\":\"SearchAction\",\"target\":{\"@type\":\"EntryPoint\",\"urlTemplate\":\"https:\/\/www.rixdata.se\/?s={search_term_string}\"},\"query-input\":\"required name=search_term_string\"}],\"inLanguage\":\"fi\"},{\"@type\":\"Organization\",\"@id\":\"https:\/\/www.rixdata.se\/#organization\",\"name\":\"RixData\",\"url\":\"https:\/\/www.rixdata.se\/\",\"logo\":{\"@type\":\"ImageObject\",\"inLanguage\":\"fi\",\"@id\":\"https:\/\/www.rixdata.se\/#\/schema\/logo\/image\/\",\"url\":\"https:\/\/www.rixdata.se\/wp-content\/uploads\/2013\/07\/RixLogo.png\",\"contentUrl\":\"https:\/\/www.rixdata.se\/wp-content\/uploads\/2013\/07\/RixLogo.png\",\"width\":256,\"height\":101,\"caption\":\"RixData\"},\"image\":{\"@id\":\"https:\/\/www.rixdata.se\/#\/schema\/logo\/image\/\"},\"sameAs\":[\"https:\/\/www.facebook.com\/RixData\",\"https:\/\/twitter.com\/Journalprogram\",\"https:\/\/instagram.com\/rixdata\/\",\"http:\/\/se.linkedin.com\/in\/andreasrixer\/\",\"https:\/\/www.youtube.com\/user\/rixdata\"]}]}<\/script>\n<!-- \/ Yoast SEO plugin. -->","yoast_head_json":{"title":"Koti - Journalprogram f\u00f6r dig | RixData journalsystem f\u00f6r v\u00e5rdgivare","description":"RixData utvecklar och anpassar journalprogram, journalsystem, dataprogram f\u00f6r dig som arbetar med helande, v\u00e5rd- och v\u00e5rdadministration.","robots":{"index":"index","follow":"follow","max-snippet":"max-snippet:-1","max-image-preview":"max-image-preview:large","max-video-preview":"max-video-preview:-1"},"canonical":"https:\/\/www.rixdata.se\/fi\/","og_locale":"fi_FI","og_type":"article","og_title":"Koti - Journalprogram f\u00f6r dig | RixData journalsystem f\u00f6r v\u00e5rdgivare","og_description":"RixData utvecklar och anpassar journalprogram, journalsystem, dataprogram f\u00f6r dig som arbetar med helande, v\u00e5rd- och v\u00e5rdadministration.","og_url":"https:\/\/www.rixdata.se\/fi\/","og_site_name":"Journalprogram f\u00f6r dig | RixData journalsystem f\u00f6r v\u00e5rdgivare","article_publisher":"https:\/\/www.facebook.com\/RixData","article_modified_time":"2019-03-11T18:59:37+00:00","og_image":[{"url":"https:\/\/www.rixdata.se\/wp-content\/uploads\/2018\/03\/WinEazyBox_skugga-361x400.jpg"}],"schema":{"@context":"https:\/\/schema.org","@graph":[{"@type":"WebPage","@id":"https:\/\/www.rixdata.se\/fi\/","url":"https:\/\/www.rixdata.se\/fi\/","name":"Koti - Journalprogram f\u00f6r dig | RixData journalsystem f\u00f6r v\u00e5rdgivare","isPartOf":{"@id":"https:\/\/www.rixdata.se\/#website"},"datePublished":"2019-02-26T13:24:42+00:00","dateModified":"2019-03-11T18:59:37+00:00","description":"RixData utvecklar och anpassar journalprogram, journalsystem, dataprogram f\u00f6r dig som arbetar med helande, v\u00e5rd- och v\u00e5rdadministration.","breadcrumb":{"@id":"https:\/\/www.rixdata.se\/fi\/#breadcrumb"},"inLanguage":"fi","potentialAction":[{"@type":"ReadAction","target":["https:\/\/www.rixdata.se\/fi\/"]}]},{"@type":"BreadcrumbList","@id":"https:\/\/www.rixdata.se\/fi\/#breadcrumb","itemListElement":[{"@type":"ListItem","position":1,"name":"Home","item":"https:\/\/www.rixdata.se\/fi\/"},{"@type":"ListItem","position":2,"name":"Koti"}]},{"@type":"WebSite","@id":"https:\/\/www.rixdata.se\/#website","url":"https:\/\/www.rixdata.se\/","name":"Journalprogram f\u00f6r dig | RixData journalsystem f\u00f6r v\u00e5rdgivare","description":"Journalprogram f\u00f6r dig","publisher":{"@id":"https:\/\/www.rixdata.se\/#organization"},"potentialAction":[{"@type":"SearchAction","target":{"@type":"EntryPoint","urlTemplate":"https:\/\/www.rixdata.se\/?s={search_term_string}"},"query-input":"required name=search_term_string"}],"inLanguage":"fi"},{"@type":"Organization","@id":"https:\/\/www.rixdata.se\/#organization","name":"RixData","url":"https:\/\/www.rixdata.se\/","logo":{"@type":"ImageObject","inLanguage":"fi","@id":"https:\/\/www.rixdata.se\/#\/schema\/logo\/image\/","url":"https:\/\/www.rixdata.se\/wp-content\/uploads\/2013\/07\/RixLogo.png","contentUrl":"https:\/\/www.rixdata.se\/wp-content\/uploads\/2013\/07\/RixLogo.png","width":256,"height":101,"caption":"RixData"},"image":{"@id":"https:\/\/www.rixdata.se\/#\/schema\/logo\/image\/"},"sameAs":["https:\/\/www.facebook.com\/RixData","https:\/\/twitter.com\/Journalprogram","https:\/\/instagram.com\/rixdata\/","http:\/\/se.linkedin.com\/in\/andreasrixer\/","https:\/\/www.youtube.com\/user\/rixdata"]}]}},"_links":{"self":[{"href":"https:\/\/www.rixdata.se\/fi\/wp-json\/wp\/v2\/pages\/9733"}],"collection":[{"href":"https:\/\/www.rixdata.se\/fi\/wp-json\/wp\/v2\/pages"}],"about":[{"href":"https:\/\/www.rixdata.se\/fi\/wp-json\/wp\/v2\/types\/page"}],"author":[{"embeddable":true,"href":"https:\/\/www.rixdata.se\/fi\/wp-json\/wp\/v2\/users\/3"}],"replies":[{"embeddable":true,"href":"https:\/\/www.rixdata.se\/fi\/wp-json\/wp\/v2\/comments?post=9733"}],"version-history":[{"count":12,"href":"https:\/\/www.rixdata.se\/fi\/wp-json\/wp\/v2\/pages\/9733\/revisions"}],"predecessor-version":[{"id":9873,"href":"https:\/\/www.rixdata.se\/fi\/wp-json\/wp\/v2\/pages\/9733\/revisions\/9873"}],"wp:attachment":[{"href":"https:\/\/www.rixdata.se\/fi\/wp-json\/wp\/v2\/media?parent=9733"}],"curies":[{"name":"wp","href":"https:\/\/api.w.org\/{rel}","templated":true}]}}