{"id":9729,"date":"2019-02-26T14:08:23","date_gmt":"2019-02-26T13:08:23","guid":{"rendered":"https:\/\/www.rixdata.se\/?page_id=9729"},"modified":"2019-03-04T16:09:22","modified_gmt":"2019-03-04T15:09:22","slug":"free-demoversion","status":"publish","type":"page","link":"https:\/\/www.rixdata.se\/fi\/free-demoversion\/","title":{"rendered":"ilmainen demo"},"content":{"rendered":"<h1><img decoding=\"async\" loading=\"lazy\" class=\"alignnone wp-image-2084 size-full\" src=\"https:\/\/www.rixdata.se\/wp-content\/uploads\/2013\/07\/rixdata8.jpg\" alt=\"Gratis demoversion | WinEazy journalprogram\/journalsystem\" width=\"1024\" height=\"681\" srcset=\"https:\/\/www.rixdata.se\/wp-content\/uploads\/2013\/07\/rixdata8.jpg 1024w, https:\/\/www.rixdata.se\/wp-content\/uploads\/2013\/07\/rixdata8-400x266.jpg 400w, https:\/\/www.rixdata.se\/wp-content\/uploads\/2013\/07\/rixdata8-640x425.jpg 640w\" sizes=\"(max-width: 1024px) 100vw, 1024px\" \/><\/h1>\n<p>Lataa ilmainen demo WinEazy Guld<\/p>\n<p dir=\"ltr\" data-placeholder=\"\u00d6vers\u00e4ttning\"><strong><span lang=\"fi\" style=\"font-size: 10pt;\" tabindex=\"0\">Laitteistovaatimukset<\/span><\/strong><span style=\"font-size: 10pt;\">: Windows 10\/8\/7<br \/>\n<\/span><span lang=\"fi\" style=\"font-size: 10pt;\" tabindex=\"0\">(mac-k\u00e4ytt\u00e4jille\u00a0<\/span><span style=\"color: #808080;\"><a style=\"color: #808080;\" href=\"https:\/\/www.parallels.com\/eu\/\">Parallels<\/a><\/span><span style=\"font-size: 10pt;\"> or\u00a0<\/span><span style=\"color: #808080;\"><a style=\"color: #808080;\" href=\"https:\/\/support.apple.com\/sv-se\/HT201468\">Bootcamp<\/a><\/span><span style=\"font-size: 10pt;\">)<\/span><\/p>\n<p>&nbsp;<\/p>\n","protected":false},"excerpt":{"rendered":"<p>Lataa ilmainen demo WinEazy Guld Laitteistovaatimukset: Windows 10\/8\/7 (mac-k\u00e4ytt\u00e4jille\u00a0Parallels or\u00a0Bootcamp) &nbsp;<\/p>\n","protected":false},"author":3,"featured_media":0,"parent":0,"menu_order":1,"comment_status":"closed","ping_status":"closed","template":"","meta":{"_monsterinsights_skip_tracking":false,"_monsterinsights_sitenote_active":false,"_monsterinsights_sitenote_note":"","_monsterinsights_sitenote_category":0,"footnotes":""},"yoast_head":"<!-- This site is optimized with the Yoast SEO plugin v21.5 - https:\/\/yoast.com\/wordpress\/plugins\/seo\/ -->\n<title>Free demoversion WinEazy Gold EMR software - RixData<\/title>\n<meta name=\"description\" content=\"Free demoversion WinEazy Gold EMR software - RixData\" \/>\n<meta name=\"robots\" content=\"index, follow, max-snippet:-1, max-image-preview:large, max-video-preview:-1\" \/>\n<link rel=\"canonical\" href=\"https:\/\/www.rixdata.se\/fi\/free-demoversion\/\" \/>\n<meta property=\"og:locale\" content=\"fi_FI\" \/>\n<meta property=\"og:type\" content=\"article\" \/>\n<meta property=\"og:title\" content=\"Free demoversion WinEazy Gold EMR software - RixData\" \/>\n<meta property=\"og:description\" content=\"Free demoversion WinEazy Gold EMR software - RixData\" \/>\n<meta property=\"og:url\" content=\"https:\/\/www.rixdata.se\/fi\/free-demoversion\/\" \/>\n<meta property=\"og:site_name\" content=\"Journalprogram f\u00f6r dig | RixData journalsystem f\u00f6r v\u00e5rdgivare\" \/>\n<meta property=\"article:publisher\" content=\"https:\/\/www.facebook.com\/RixData\" \/>\n<meta property=\"article:modified_time\" content=\"2019-03-04T15:09:22+00:00\" \/>\n<meta property=\"og:image\" content=\"https:\/\/www.rixdata.se\/wp-content\/uploads\/2013\/07\/rixdata8.jpg\" \/>\n<script type=\"application\/ld+json\" class=\"yoast-schema-graph\">{\"@context\":\"https:\/\/schema.org\",\"@graph\":[{\"@type\":\"WebPage\",\"@id\":\"https:\/\/www.rixdata.se\/fi\/free-demoversion\/\",\"url\":\"https:\/\/www.rixdata.se\/fi\/free-demoversion\/\",\"name\":\"Free demoversion WinEazy Gold EMR software - RixData\",\"isPartOf\":{\"@id\":\"https:\/\/www.rixdata.se\/#website\"},\"datePublished\":\"2019-02-26T13:08:23+00:00\",\"dateModified\":\"2019-03-04T15:09:22+00:00\",\"description\":\"Free demoversion WinEazy Gold EMR software - RixData\",\"breadcrumb\":{\"@id\":\"https:\/\/www.rixdata.se\/fi\/free-demoversion\/#breadcrumb\"},\"inLanguage\":\"fi\",\"potentialAction\":[{\"@type\":\"ReadAction\",\"target\":[\"https:\/\/www.rixdata.se\/fi\/free-demoversion\/\"]}]},{\"@type\":\"BreadcrumbList\",\"@id\":\"https:\/\/www.rixdata.se\/fi\/free-demoversion\/#breadcrumb\",\"itemListElement\":[{\"@type\":\"ListItem\",\"position\":1,\"name\":\"Home\",\"item\":\"https:\/\/www.rixdata.se\/fi\/\"},{\"@type\":\"ListItem\",\"position\":2,\"name\":\"ilmainen demo\"}]},{\"@type\":\"WebSite\",\"@id\":\"https:\/\/www.rixdata.se\/#website\",\"url\":\"https:\/\/www.rixdata.se\/\",\"name\":\"Journalprogram f\u00f6r dig | RixData journalsystem f\u00f6r v\u00e5rdgivare\",\"description\":\"Journalprogram f\u00f6r dig\",\"publisher\":{\"@id\":\"https:\/\/www.rixdata.se\/#organization\"},\"potentialAction\":[{\"@type\":\"SearchAction\",\"target\":{\"@type\":\"EntryPoint\",\"urlTemplate\":\"https:\/\/www.rixdata.se\/?s={search_term_string}\"},\"query-input\":\"required name=search_term_string\"}],\"inLanguage\":\"fi\"},{\"@type\":\"Organization\",\"@id\":\"https:\/\/www.rixdata.se\/#organization\",\"name\":\"RixData\",\"url\":\"https:\/\/www.rixdata.se\/\",\"logo\":{\"@type\":\"ImageObject\",\"inLanguage\":\"fi\",\"@id\":\"https:\/\/www.rixdata.se\/#\/schema\/logo\/image\/\",\"url\":\"https:\/\/www.rixdata.se\/wp-content\/uploads\/2013\/07\/RixLogo.png\",\"contentUrl\":\"https:\/\/www.rixdata.se\/wp-content\/uploads\/2013\/07\/RixLogo.png\",\"width\":256,\"height\":101,\"caption\":\"RixData\"},\"image\":{\"@id\":\"https:\/\/www.rixdata.se\/#\/schema\/logo\/image\/\"},\"sameAs\":[\"https:\/\/www.facebook.com\/RixData\",\"https:\/\/twitter.com\/Journalprogram\",\"https:\/\/instagram.com\/rixdata\/\",\"http:\/\/se.linkedin.com\/in\/andreasrixer\/\",\"https:\/\/www.youtube.com\/user\/rixdata\"]}]}<\/script>\n<!-- \/ Yoast SEO plugin. -->","yoast_head_json":{"title":"Free demoversion WinEazy Gold EMR software - RixData","description":"Free demoversion WinEazy Gold EMR software - RixData","robots":{"index":"index","follow":"follow","max-snippet":"max-snippet:-1","max-image-preview":"max-image-preview:large","max-video-preview":"max-video-preview:-1"},"canonical":"https:\/\/www.rixdata.se\/fi\/free-demoversion\/","og_locale":"fi_FI","og_type":"article","og_title":"Free demoversion WinEazy Gold EMR software - RixData","og_description":"Free demoversion WinEazy Gold EMR software - RixData","og_url":"https:\/\/www.rixdata.se\/fi\/free-demoversion\/","og_site_name":"Journalprogram f\u00f6r dig | RixData journalsystem f\u00f6r v\u00e5rdgivare","article_publisher":"https:\/\/www.facebook.com\/RixData","article_modified_time":"2019-03-04T15:09:22+00:00","og_image":[{"url":"https:\/\/www.rixdata.se\/wp-content\/uploads\/2013\/07\/rixdata8.jpg"}],"schema":{"@context":"https:\/\/schema.org","@graph":[{"@type":"WebPage","@id":"https:\/\/www.rixdata.se\/fi\/free-demoversion\/","url":"https:\/\/www.rixdata.se\/fi\/free-demoversion\/","name":"Free demoversion WinEazy Gold EMR software - RixData","isPartOf":{"@id":"https:\/\/www.rixdata.se\/#website"},"datePublished":"2019-02-26T13:08:23+00:00","dateModified":"2019-03-04T15:09:22+00:00","description":"Free demoversion WinEazy Gold EMR software - RixData","breadcrumb":{"@id":"https:\/\/www.rixdata.se\/fi\/free-demoversion\/#breadcrumb"},"inLanguage":"fi","potentialAction":[{"@type":"ReadAction","target":["https:\/\/www.rixdata.se\/fi\/free-demoversion\/"]}]},{"@type":"BreadcrumbList","@id":"https:\/\/www.rixdata.se\/fi\/free-demoversion\/#breadcrumb","itemListElement":[{"@type":"ListItem","position":1,"name":"Home","item":"https:\/\/www.rixdata.se\/fi\/"},{"@type":"ListItem","position":2,"name":"ilmainen demo"}]},{"@type":"WebSite","@id":"https:\/\/www.rixdata.se\/#website","url":"https:\/\/www.rixdata.se\/","name":"Journalprogram f\u00f6r dig | RixData journalsystem f\u00f6r v\u00e5rdgivare","description":"Journalprogram f\u00f6r dig","publisher":{"@id":"https:\/\/www.rixdata.se\/#organization"},"potentialAction":[{"@type":"SearchAction","target":{"@type":"EntryPoint","urlTemplate":"https:\/\/www.rixdata.se\/?s={search_term_string}"},"query-input":"required name=search_term_string"}],"inLanguage":"fi"},{"@type":"Organization","@id":"https:\/\/www.rixdata.se\/#organization","name":"RixData","url":"https:\/\/www.rixdata.se\/","logo":{"@type":"ImageObject","inLanguage":"fi","@id":"https:\/\/www.rixdata.se\/#\/schema\/logo\/image\/","url":"https:\/\/www.rixdata.se\/wp-content\/uploads\/2013\/07\/RixLogo.png","contentUrl":"https:\/\/www.rixdata.se\/wp-content\/uploads\/2013\/07\/RixLogo.png","width":256,"height":101,"caption":"RixData"},"image":{"@id":"https:\/\/www.rixdata.se\/#\/schema\/logo\/image\/"},"sameAs":["https:\/\/www.facebook.com\/RixData","https:\/\/twitter.com\/Journalprogram","https:\/\/instagram.com\/rixdata\/","http:\/\/se.linkedin.com\/in\/andreasrixer\/","https:\/\/www.youtube.com\/user\/rixdata"]}]}},"_links":{"self":[{"href":"https:\/\/www.rixdata.se\/fi\/wp-json\/wp\/v2\/pages\/9729"}],"collection":[{"href":"https:\/\/www.rixdata.se\/fi\/wp-json\/wp\/v2\/pages"}],"about":[{"href":"https:\/\/www.rixdata.se\/fi\/wp-json\/wp\/v2\/types\/page"}],"author":[{"embeddable":true,"href":"https:\/\/www.rixdata.se\/fi\/wp-json\/wp\/v2\/users\/3"}],"replies":[{"embeddable":true,"href":"https:\/\/www.rixdata.se\/fi\/wp-json\/wp\/v2\/comments?post=9729"}],"version-history":[{"count":5,"href":"https:\/\/www.rixdata.se\/fi\/wp-json\/wp\/v2\/pages\/9729\/revisions"}],"predecessor-version":[{"id":9750,"href":"https:\/\/www.rixdata.se\/fi\/wp-json\/wp\/v2\/pages\/9729\/revisions\/9750"}],"wp:attachment":[{"href":"https:\/\/www.rixdata.se\/fi\/wp-json\/wp\/v2\/media?parent=9729"}],"curies":[{"name":"wp","href":"https:\/\/api.w.org\/{rel}","templated":true}]}}