{"id":9412,"date":"2019-02-08T18:05:44","date_gmt":"2019-02-08T17:05:44","guid":{"rendered":"https:\/\/www.rixdata.se\/?page_id=9412"},"modified":"2024-10-17T16:33:28","modified_gmt":"2024-10-17T14:33:28","slug":"startsida-pa-engelska","status":"publish","type":"page","link":"https:\/\/www.rixdata.se\/en\/","title":{"rendered":"Medical record &#8211; WinEazy Gold"},"content":{"rendered":"<h2>Medical record | EHS software<\/h2>\n<h2>WinEazy Gold<\/h2>\n<p>&nbsp;<\/p>\n<p>RixData develops quality-improving and time-saving EHS software\/journal programs\/journal systems for those who work to comfort, relieve, treat, heal and prevent illness. Medical record programs that simultaneously earns money for the caregivers and their principals. So far, RixData has tailored more than 6,000 programs to its more than 2,000 satisfied customers. RixData&#8217;s system is adapted to each user, and is approved by all county councils\/regions in Sweden.<\/p>\n<p>Many satisfied customers have chosen us to provide them with EHR software and medical records for decades!<\/p>\n<p>The system is easy to learn, easy to use and they work. We help you with everything you need to get started!<\/p>\n<p><span style=\"color: #0000ff;\"><a style=\"color: #0000ff;\" href=\"https:\/\/shop.rixdata.se\" target=\"_blank\" rel=\"noopener\"><strong>YES! Buy Now Take me to the shop!<\/strong><\/a><\/span><\/p>\n<figure id=\"attachment_10736\" aria-describedby=\"caption-attachment-10736\" style=\"width: 1200px\" class=\"wp-caption alignnone\"><img decoding=\"async\" loading=\"lazy\" class=\"wp-image-10736 size-full\" src=\"https:\/\/www.rixdata.se\/wp-content\/uploads\/2024\/08\/weg_behand_eng-1.jpg\" alt=\"Medical record\" width=\"1200\" height=\"614\" srcset=\"https:\/\/www.rixdata.se\/wp-content\/uploads\/2024\/08\/weg_behand_eng-1.jpg 1200w, https:\/\/www.rixdata.se\/wp-content\/uploads\/2024\/08\/weg_behand_eng-1-400x205.jpg 400w, https:\/\/www.rixdata.se\/wp-content\/uploads\/2024\/08\/weg_behand_eng-1-640x327.jpg 640w\" sizes=\"(max-width: 1200px) 100vw, 1200px\" \/><figcaption id=\"caption-attachment-10736\" class=\"wp-caption-text\">Medical record, EHS software for you!<\/figcaption><\/figure>\n<p><a href=\"https:\/\/www.rixdata.se\/en\/free-demoversion\/\" target=\"_blank\" rel=\"noopener\">I want to try a demo version!<\/a><\/p>\n<p>RixData develops and adapts medical journal programs, record systems, data programs for healthcare providers and their principals:<\/p>\n<table style=\"width: 100%; border-collapse: collapse; border-style: none;\">\n<tbody>\n<tr>\n<td style=\"width: 47.8532%;\">\n<ul>\n<li>Physiotherapists\/Physiotherapists<\/li>\n<\/ul>\n<\/td>\n<td style=\"width: 37.4295%;\">\n<ul>\n<li>Health care<\/li>\n<\/ul>\n<\/td>\n<td style=\"width: 1.41243%;\"><\/td>\n<td style=\"width: 4.20904%;\"><\/td>\n<td style=\"width: 10%;\"><\/td>\n<td style=\"width: 10%;\"><\/td>\n<td style=\"width: 10%;\"><\/td>\n<td style=\"width: 10%;\"><\/td>\n<td style=\"width: 10%;\"><\/td>\n<td style=\"width: 10%;\"><\/td>\n<\/tr>\n<tr>\n<td style=\"width: 47.8532%;\">\n<ul>\n<li>Chiropractors<\/li>\n<\/ul>\n<\/td>\n<td style=\"width: 37.4295%;\">\n<ul>\n<li>Rehabilitation clinics<\/li>\n<\/ul>\n<\/td>\n<td style=\"width: 1.41243%;\"><\/td>\n<td style=\"width: 4.20904%;\"><\/td>\n<td style=\"width: 10%;\"><\/td>\n<td style=\"width: 10%;\"><\/td>\n<td style=\"width: 10%;\"><\/td>\n<td style=\"width: 10%;\"><\/td>\n<td style=\"width: 10%;\"><\/td>\n<td style=\"width: 10%;\"><\/td>\n<\/tr>\n<tr>\n<td style=\"width: 47.8532%;\">\n<ul>\n<li>Naparapates<\/li>\n<\/ul>\n<\/td>\n<td style=\"width: 37.4295%;\">\n<ul>\n<li>Occupational health care<\/li>\n<\/ul>\n<\/td>\n<td style=\"width: 1.41243%;\"><\/td>\n<td style=\"width: 4.20904%;\"><\/td>\n<td style=\"width: 10%;\"><\/td>\n<td style=\"width: 10%;\"><\/td>\n<td style=\"width: 10%;\"><\/td>\n<td style=\"width: 10%;\"><\/td>\n<td style=\"width: 10%;\"><\/td>\n<td style=\"width: 10%;\"><\/td>\n<\/tr>\n<tr>\n<td style=\"width: 47.8532%;\">\n<ul>\n<li>Doctor<\/li>\n<\/ul>\n<\/td>\n<td style=\"width: 37.4295%;\">\n<ul>\n<li>Orthopedic engineers<\/li>\n<\/ul>\n<\/td>\n<td style=\"width: 1.41243%;\"><\/td>\n<td style=\"width: 4.20904%;\"><\/td>\n<td style=\"width: 10%;\"><\/td>\n<td style=\"width: 10%;\"><\/td>\n<td style=\"width: 10%;\"><\/td>\n<td style=\"width: 10%;\"><\/td>\n<td style=\"width: 10%;\"><\/td>\n<td style=\"width: 10%;\"><\/td>\n<\/tr>\n<tr>\n<td style=\"width: 47.8532%;\">\n<ul>\n<li>Psychotherapists<\/li>\n<\/ul>\n<\/td>\n<td style=\"width: 37.4295%;\">\n<ul>\n<li>Masseurs\/Massage therapists<\/li>\n<\/ul>\n<\/td>\n<td style=\"width: 1.41243%;\"><\/td>\n<td style=\"width: 4.20904%;\"><\/td>\n<td style=\"width: 10%;\"><\/td>\n<td style=\"width: 10%;\"><\/td>\n<td style=\"width: 10%;\"><\/td>\n<td style=\"width: 10%;\"><\/td>\n<td style=\"width: 10%;\"><\/td>\n<td style=\"width: 10%;\"><\/td>\n<\/tr>\n<tr>\n<td style=\"width: 47.8532%;\">\n<ul>\n<li>Psychologists<\/li>\n<\/ul>\n<\/td>\n<td style=\"width: 37.4295%;\">\n<ul>\n<li>Naturopathic doctor<\/li>\n<\/ul>\n<\/td>\n<td style=\"width: 1.41243%;\"><\/td>\n<td style=\"width: 4.20904%;\"><\/td>\n<td style=\"width: 10%;\"><\/td>\n<td style=\"width: 10%;\"><\/td>\n<td style=\"width: 10%;\"><\/td>\n<td style=\"width: 10%;\"><\/td>\n<td style=\"width: 10%;\"><\/td>\n<td style=\"width: 10%;\"><\/td>\n<\/tr>\n<tr>\n<td style=\"width: 47.8532%;\">\n<ul>\n<li>Speech therapist<\/li>\n<\/ul>\n<\/td>\n<td style=\"width: 37.4295%;\">\n<ul>\n<li>Podiatrists\/Podiatrist<\/li>\n<\/ul>\n<\/td>\n<td style=\"width: 1.41243%;\"><\/td>\n<td style=\"width: 4.20904%;\"><\/td>\n<td style=\"width: 10%;\"><\/td>\n<td style=\"width: 10%;\"><\/td>\n<td style=\"width: 10%;\"><\/td>\n<td style=\"width: 10%;\"><\/td>\n<td style=\"width: 10%;\"><\/td>\n<td style=\"width: 10%;\"><\/td>\n<\/tr>\n<tr>\n<td style=\"width: 47.8532%;\">\n<ul>\n<li>Nurses<\/li>\n<\/ul>\n<\/td>\n<td style=\"width: 37.4295%;\">\n<ul>\n<li>Acupuncturists<\/li>\n<\/ul>\n<\/td>\n<td style=\"width: 1.41243%;\"><\/td>\n<td style=\"width: 4.20904%;\"><\/td>\n<td style=\"width: 10%;\"><\/td>\n<td style=\"width: 10%;\"><\/td>\n<td style=\"width: 10%;\"><\/td>\n<td style=\"width: 10%;\"><\/td>\n<td style=\"width: 10%;\"><\/td>\n<td style=\"width: 10%;\"><\/td>\n<\/tr>\n<tr>\n<td style=\"width: 47.8532%;\">\n<ul>\n<li>Occupational therapists<\/li>\n<\/ul>\n<\/td>\n<td style=\"width: 37.4295%;\">\n<ul>\n<li>Bonitologists<\/li>\n<\/ul>\n<\/td>\n<td style=\"width: 1.41243%;\"><\/td>\n<td style=\"width: 4.20904%;\"><\/td>\n<td style=\"width: 10%;\"><\/td>\n<td style=\"width: 10%;\"><\/td>\n<td style=\"width: 10%;\"><\/td>\n<td style=\"width: 10%;\"><\/td>\n<td style=\"width: 10%;\"><\/td>\n<td style=\"width: 10%;\"><\/td>\n<\/tr>\n<tr>\n<td style=\"width: 47.8532%;\">\n<ul>\n<li>Curators<\/li>\n<\/ul>\n<\/td>\n<td style=\"width: 37.4295%;\">\n<ul>\n<li>And other caregivers who work with healing, care and care administration.<\/li>\n<\/ul>\n<\/td>\n<td style=\"width: 1.41243%;\"><\/td>\n<td style=\"width: 4.20904%;\"><\/td>\n<td style=\"width: 10%;\"><\/td>\n<td style=\"width: 10%;\"><\/td>\n<td style=\"width: 10%;\"><\/td>\n<td style=\"width: 10%;\"><\/td>\n<td style=\"width: 10%;\"><\/td>\n<td style=\"width: 10%;\"><\/td>\n<\/tr>\n<\/tbody>\n<\/table>\n<p><strong>Patient medical record<\/strong><\/p>\n<p>The main purpose of a patient medical record is to ensure that the patient is given good and safe care. The patient record is therefore first and foremost an important tool for doctors, physiotherapists\/physiotherapists and other healthcare staff in the healthcare facility to be able to provide the patient with good and safe care. The patient record is also of great importance to other healthcare facilities or other personnel who may temporarily or at a later stage take over care responsibility for the patient, for example, on-call doctors and others. The record is also important for the patient himself, who through the record gains insight into the care and treatment he or she received. The patient record must also be able to be used for operational follow-up, control and supervision or in legal contexts and as source material for research and quality assurance.<\/p>\n<p>&nbsp;<\/p>\n","protected":false},"excerpt":{"rendered":"<p>Medical record | EHS software WinEazy Gold &nbsp; RixData develops quality-improving and time-saving EHS software\/journal programs\/journal systems for those who work to comfort, relieve, treat, heal and prevent illness. Medical record programs that simultaneously earns money for the caregivers and their principals. So far, RixData has tailored more than 6,000 programs to its more than &hellip;<\/p>\n","protected":false},"author":1001169,"featured_media":0,"parent":0,"menu_order":0,"comment_status":"closed","ping_status":"open","template":"","meta":{"_monsterinsights_skip_tracking":false,"_monsterinsights_sitenote_active":false,"_monsterinsights_sitenote_note":"","_monsterinsights_sitenote_category":0,"footnotes":""},"yoast_head":"<!-- This site is optimized with the Yoast SEO plugin v21.5 - https:\/\/yoast.com\/wordpress\/plugins\/seo\/ -->\n<title>Medical record | RixData Journal system for healthcare providers<\/title>\n<meta name=\"description\" content=\"RixData develops and adapts medical record software, journal programs and for those who work with healing, care and care administration.\" \/>\n<meta name=\"robots\" content=\"index, follow, max-snippet:-1, max-image-preview:large, max-video-preview:-1\" \/>\n<link rel=\"canonical\" href=\"https:\/\/www.rixdata.se\/en\/\" \/>\n<meta property=\"og:locale\" content=\"en_US\" \/>\n<meta property=\"og:type\" content=\"article\" \/>\n<meta property=\"og:title\" content=\"Medical record | RixData Journal system for healthcare providers\" \/>\n<meta property=\"og:description\" content=\"RixData develops and adapts medical record software, journal programs and for those who work with healing, care and care administration.\" \/>\n<meta property=\"og:url\" content=\"https:\/\/www.rixdata.se\/en\/\" \/>\n<meta property=\"og:site_name\" content=\"Journalprogram f\u00f6r dig | RixData journalsystem for v\u00e5rdgivare\" \/>\n<meta property=\"article:publisher\" content=\"https:\/\/www.facebook.com\/RixData\" \/>\n<meta property=\"article:modified_time\" content=\"2024-10-17T14:33:28+00:00\" \/>\n<meta property=\"og:image\" content=\"https:\/\/www.rixdata.se\/wp-content\/uploads\/2024\/08\/weg_behand_eng-1.jpg\" \/>\n<meta name=\"twitter:label1\" content=\"Est. reading time\" \/>\n\t<meta name=\"twitter:data1\" content=\"2 minutes\" \/>\n<script type=\"application\/ld+json\" class=\"yoast-schema-graph\">{\"@context\":\"https:\/\/schema.org\",\"@graph\":[{\"@type\":\"WebPage\",\"@id\":\"https:\/\/www.rixdata.se\/en\/\",\"url\":\"https:\/\/www.rixdata.se\/en\/\",\"name\":\"Medical record | RixData Journal system for healthcare providers\",\"isPartOf\":{\"@id\":\"https:\/\/www.rixdata.se\/#website\"},\"datePublished\":\"2019-02-08T17:05:44+00:00\",\"dateModified\":\"2024-10-17T14:33:28+00:00\",\"description\":\"RixData develops and adapts medical record software, journal programs and for those who work with healing, care and care administration.\",\"breadcrumb\":{\"@id\":\"https:\/\/www.rixdata.se\/en\/#breadcrumb\"},\"inLanguage\":\"en-US\",\"potentialAction\":[{\"@type\":\"ReadAction\",\"target\":[\"https:\/\/www.rixdata.se\/en\/\"]}]},{\"@type\":\"BreadcrumbList\",\"@id\":\"https:\/\/www.rixdata.se\/en\/#breadcrumb\",\"itemListElement\":[{\"@type\":\"ListItem\",\"position\":1,\"name\":\"Home\",\"item\":\"https:\/\/www.rixdata.se\/en\/\"},{\"@type\":\"ListItem\",\"position\":2,\"name\":\"Medical record &#8211; WinEazy Gold\"}]},{\"@type\":\"WebSite\",\"@id\":\"https:\/\/www.rixdata.se\/#website\",\"url\":\"https:\/\/www.rixdata.se\/\",\"name\":\"Journalprogram f\u00f6r dig | RixData journalsystem for v\u00e5rdgivare\",\"description\":\"Journalprogram f\u00f6r dig\",\"publisher\":{\"@id\":\"https:\/\/www.rixdata.se\/#organization\"},\"potentialAction\":[{\"@type\":\"SearchAction\",\"target\":{\"@type\":\"EntryPoint\",\"urlTemplate\":\"https:\/\/www.rixdata.se\/?s={search_term_string}\"},\"query-input\":\"required name=search_term_string\"}],\"inLanguage\":\"en-US\"},{\"@type\":\"Organization\",\"@id\":\"https:\/\/www.rixdata.se\/#organization\",\"name\":\"RixData\",\"url\":\"https:\/\/www.rixdata.se\/\",\"logo\":{\"@type\":\"ImageObject\",\"inLanguage\":\"en-US\",\"@id\":\"https:\/\/www.rixdata.se\/#\/schema\/logo\/image\/\",\"url\":\"https:\/\/www.rixdata.se\/wp-content\/uploads\/2013\/07\/RixLogo.png\",\"contentUrl\":\"https:\/\/www.rixdata.se\/wp-content\/uploads\/2013\/07\/RixLogo.png\",\"width\":256,\"height\":101,\"caption\":\"RixData\"},\"image\":{\"@id\":\"https:\/\/www.rixdata.se\/#\/schema\/logo\/image\/\"},\"sameAs\":[\"https:\/\/www.facebook.com\/RixData\",\"https:\/\/twitter.com\/Journalprogram\",\"https:\/\/instagram.com\/rixdata\/\",\"http:\/\/se.linkedin.com\/in\/andreasrixer\/\",\"https:\/\/www.youtube.com\/user\/rixdata\"]}]}<\/script>\n<!-- \/ Yoast SEO plugin. -->","yoast_head_json":{"title":"Medical record | RixData Journal system for healthcare providers","description":"RixData develops and adapts medical record software, journal programs and for those who work with healing, care and care administration.","robots":{"index":"index","follow":"follow","max-snippet":"max-snippet:-1","max-image-preview":"max-image-preview:large","max-video-preview":"max-video-preview:-1"},"canonical":"https:\/\/www.rixdata.se\/en\/","og_locale":"en_US","og_type":"article","og_title":"Medical record | RixData Journal system for healthcare providers","og_description":"RixData develops and adapts medical record software, journal programs and for those who work with healing, care and care administration.","og_url":"https:\/\/www.rixdata.se\/en\/","og_site_name":"Journalprogram f\u00f6r dig | RixData journalsystem for v\u00e5rdgivare","article_publisher":"https:\/\/www.facebook.com\/RixData","article_modified_time":"2024-10-17T14:33:28+00:00","og_image":[{"url":"https:\/\/www.rixdata.se\/wp-content\/uploads\/2024\/08\/weg_behand_eng-1.jpg"}],"twitter_misc":{"Est. reading time":"2 minutes"},"schema":{"@context":"https:\/\/schema.org","@graph":[{"@type":"WebPage","@id":"https:\/\/www.rixdata.se\/en\/","url":"https:\/\/www.rixdata.se\/en\/","name":"Medical record | RixData Journal system for healthcare providers","isPartOf":{"@id":"https:\/\/www.rixdata.se\/#website"},"datePublished":"2019-02-08T17:05:44+00:00","dateModified":"2024-10-17T14:33:28+00:00","description":"RixData develops and adapts medical record software, journal programs and for those who work with healing, care and care administration.","breadcrumb":{"@id":"https:\/\/www.rixdata.se\/en\/#breadcrumb"},"inLanguage":"en-US","potentialAction":[{"@type":"ReadAction","target":["https:\/\/www.rixdata.se\/en\/"]}]},{"@type":"BreadcrumbList","@id":"https:\/\/www.rixdata.se\/en\/#breadcrumb","itemListElement":[{"@type":"ListItem","position":1,"name":"Home","item":"https:\/\/www.rixdata.se\/en\/"},{"@type":"ListItem","position":2,"name":"Medical record &#8211; WinEazy Gold"}]},{"@type":"WebSite","@id":"https:\/\/www.rixdata.se\/#website","url":"https:\/\/www.rixdata.se\/","name":"Journalprogram f\u00f6r dig | RixData journalsystem for v\u00e5rdgivare","description":"Journalprogram f\u00f6r dig","publisher":{"@id":"https:\/\/www.rixdata.se\/#organization"},"potentialAction":[{"@type":"SearchAction","target":{"@type":"EntryPoint","urlTemplate":"https:\/\/www.rixdata.se\/?s={search_term_string}"},"query-input":"required name=search_term_string"}],"inLanguage":"en-US"},{"@type":"Organization","@id":"https:\/\/www.rixdata.se\/#organization","name":"RixData","url":"https:\/\/www.rixdata.se\/","logo":{"@type":"ImageObject","inLanguage":"en-US","@id":"https:\/\/www.rixdata.se\/#\/schema\/logo\/image\/","url":"https:\/\/www.rixdata.se\/wp-content\/uploads\/2013\/07\/RixLogo.png","contentUrl":"https:\/\/www.rixdata.se\/wp-content\/uploads\/2013\/07\/RixLogo.png","width":256,"height":101,"caption":"RixData"},"image":{"@id":"https:\/\/www.rixdata.se\/#\/schema\/logo\/image\/"},"sameAs":["https:\/\/www.facebook.com\/RixData","https:\/\/twitter.com\/Journalprogram","https:\/\/instagram.com\/rixdata\/","http:\/\/se.linkedin.com\/in\/andreasrixer\/","https:\/\/www.youtube.com\/user\/rixdata"]}]}},"_links":{"self":[{"href":"https:\/\/www.rixdata.se\/en\/wp-json\/wp\/v2\/pages\/9412"}],"collection":[{"href":"https:\/\/www.rixdata.se\/en\/wp-json\/wp\/v2\/pages"}],"about":[{"href":"https:\/\/www.rixdata.se\/en\/wp-json\/wp\/v2\/types\/page"}],"author":[{"embeddable":true,"href":"https:\/\/www.rixdata.se\/en\/wp-json\/wp\/v2\/users\/1001169"}],"replies":[{"embeddable":true,"href":"https:\/\/www.rixdata.se\/en\/wp-json\/wp\/v2\/comments?post=9412"}],"version-history":[{"count":15,"href":"https:\/\/www.rixdata.se\/en\/wp-json\/wp\/v2\/pages\/9412\/revisions"}],"predecessor-version":[{"id":10773,"href":"https:\/\/www.rixdata.se\/en\/wp-json\/wp\/v2\/pages\/9412\/revisions\/10773"}],"wp:attachment":[{"href":"https:\/\/www.rixdata.se\/en\/wp-json\/wp\/v2\/media?parent=9412"}],"curies":[{"name":"wp","href":"https:\/\/api.w.org\/{rel}","templated":true}]}}